{"id":8,"date":"2018-12-27T10:25:31","date_gmt":"2018-12-27T10:25:31","guid":{"rendered":"https:\/\/olor.pimienta.org\/?page_id=8"},"modified":"2022-12-12T14:52:40","modified_gmt":"2022-12-12T14:52:40","slug":"home","status":"publish","type":"page","link":"https:\/\/olor.pimienta.org\/es\/","title":{"rendered":"OLOR"},"content":{"rendered":"<p><\/p>\n<p lang=\"es-ES\">Olor quiere ser ambas cosas a la vez. Synth-pop ochentero y ecos industriales. Blanco y negro. Melod\u00eda y ruido. Org\u00e1nico y electr\u00f3nico. A OLOR le encantan los extremos. La carne y el metal. Akauzazte y Depeche Mode. La canci\u00f3n y el spoken-word. Anne Clark y Siouxsie. Pero OLOR no est\u00e1 en el c\u00f3modo entremedio entre dos polos. Est\u00e1 en ambos sitios a la vez; es ambas cosas a la vez. Brillo y \u00f3xido. OLOR huele a hierro y a colonia de vieja. Y de esa combinaci\u00f3n surge la energ\u00eda de su propuesta esc\u00e9nica, un olor met\u00e1lico que penetra por los o\u00eddos y los ojos.<\/p>\n<p>OLOR es el proyecto musical m\u00e1s personal de Jokin Azpiazu Carballo. Comenz\u00f3 en 2017 con la intenci\u00f3n de abrir un concierto para Chroma, de Barcelona, en Putzuzulo de Zarautz. Desde entonces ha publicado dos discos de larga duraci\u00f3n: &#8220;Zerua Urez&#8221; (2019) y &#8220;Esperantza&#8221; (2022).<\/p>","protected":false},"excerpt":{"rendered":"<p>Olor quiere ser ambas cosas a la vez. Synth-pop ochentero y ecos industriales. Blanco y negro. Melod\u00eda y ruido. Org\u00e1nico y electr\u00f3nico. A OLOR le encantan los extremos. La carne y el metal. Akauzazte y Depeche Mode. La canci\u00f3n y el spoken-word. Anne Clark y [&hellip;]<\/p>\n","protected":false},"author":1,"featured_media":66,"parent":0,"menu_order":0,"comment_status":"closed","ping_status":"closed","template":"","meta":{"footnotes":""},"class_list":["post-8","page","type-page","status-publish","has-post-thumbnail","hentry"],"_links":{"self":[{"href":"https:\/\/olor.pimienta.org\/es\/wp-json\/wp\/v2\/pages\/8","targetHints":{"allow":["GET"]}}],"collection":[{"href":"https:\/\/olor.pimienta.org\/es\/wp-json\/wp\/v2\/pages"}],"about":[{"href":"https:\/\/olor.pimienta.org\/es\/wp-json\/wp\/v2\/types\/page"}],"author":[{"embeddable":true,"href":"https:\/\/olor.pimienta.org\/es\/wp-json\/wp\/v2\/users\/1"}],"replies":[{"embeddable":true,"href":"https:\/\/olor.pimienta.org\/es\/wp-json\/wp\/v2\/comments?post=8"}],"version-history":[{"count":8,"href":"https:\/\/olor.pimienta.org\/es\/wp-json\/wp\/v2\/pages\/8\/revisions"}],"predecessor-version":[{"id":205,"href":"https:\/\/olor.pimienta.org\/es\/wp-json\/wp\/v2\/pages\/8\/revisions\/205"}],"wp:featuredmedia":[{"embeddable":true,"href":"https:\/\/olor.pimienta.org\/es\/wp-json\/wp\/v2\/media\/66"}],"wp:attachment":[{"href":"https:\/\/olor.pimienta.org\/es\/wp-json\/wp\/v2\/media?parent=8"}],"curies":[{"name":"wp","href":"https:\/\/api.w.org\/{rel}","templated":true}]}}